{"id":1022,"date":"2025-12-11T09:22:38","date_gmt":"2025-12-11T09:22:38","guid":{"rendered":"https:\/\/www.balkankult.org\/media\/"},"modified":"2026-04-22T11:39:15","modified_gmt":"2026-04-22T11:39:15","slug":"mediji","status":"publish","type":"page","link":"https:\/\/www.balkankult.org\/sr\/mediji\/","title":{"rendered":"Video dokumentacija"},"content":{"rendered":"\n<section class=\"relative pt-[220px] pb-6 md:pb-8 lg:pb-10 overflow-hidden hero-overlay\">\n            <div class=\"z-3 relative flex md:flex-row flex-col justify-between items-start gap-4 md:gap-10 mx-auto text-black container\">\n            <h1 class=\"cabin-50-400\">\n                Video dokumentacija            <\/h1>\n                    <\/div>\n    <\/section>\n\n\n\r\n<section class=\"pt-4 md:pt-7 lg:pt-12 pb-4 md:pb-7 lg:pb-12 bg-gray\">\n    <div class=\"container\">\r\n        <div class=\"flex lg:flex-row flex-col justify-between lg:items-center gap-4 mb-8\">\r\n                        \r\n        <\/div>\r\n        \r\n            <div class=\"gap-x-8 gap-y-10 grid md:grid-cols-2\">\r\n                                    <a\r\n    href=\"https:\/\/www.balkankult.org\/sr\/srpkinja-heroina-velikog-rata-otvaranje-izlozbe\/\"\r\n    class=\"flex lg:flex-row flex-col items-stretch gap-4 max-w-[742px] h-auto md:min-h-[375px]\">\r\n    <div class=\"w-full lg:max-w-[320px]\">\r\n                                                <img decoding=\"async\" class=\"rounded-[20px] w-full h-full md:h-[200px] lg:h-full max-h-[375px] object-cover\" src=\"https:\/\/img.youtube.com\/vi\/CJb-8rvk6bc\/hqdefault.jpg\" alt=\"\">\r\n                        <\/div>\r\n    <div class=\"flex flex-col w-full lg:max-w-[281px] h-full\">\r\n        <p class=\"mb-1.5 text-orange\/80\">14.04.2026<\/p>\r\n        <h3 class=\"mb-4 cabin-20-600\">Srpkinja heroina Velikog rata \u2013 otvaranje izlo\u017ebe<\/h3>\r\n        <p class=\"mb-10 cabin-18-400\">Uloga \u017eena u Prvom svetskom ratu je \u010desto dru\u0161tveno nevidljiva, zanemarivana ili, u najboljem slu\u010daju, podrazumevana. Nesretni tragi\u010dni kontekst Prvog svetskog rata doveo je do zna\u010dajne dru\u0161tvene promene polo\u017eaja \u017eena u svim zara\u0107enim dr\u017eavama. Najvi\u0161e primera ima iz Srbije, koja je bila pod okupacijom. To su konkretni primeri \u201eobi\u010dnih\u201c \u017eena \u2013 baka, majki, sestara i [&hellip;]<\/p>\r\n        <div class=\"flex items-center gap-2.5 [&#038;_path]:stroke-orange mt-auto arrow-icon\">\r\n            <p class=\"cabin-18-400 text-orange\">See more<\/p>\r\n             <svg\r\n      width=\"15\"\r\n      height=\"13\"\r\n      viewBox=\"0 0 15 13\"\r\n      fill=\"none\"\r\n      xmlns=\"http:\/\/www.w3.org\/2000\/svg\"\r\n    >\r\n      <path\r\n        d=\"M8.5 0.0293579C8.61756 2.02787 9.98125 6.02489 14.4955 6.02489\"\r\n        stroke=\"#1A1313\"\r\n      \/>\r\n      <path\r\n        d=\"M8.5 12.3731C8.61756 10.3746 9.98125 6.37757 14.4955 6.37757\"\r\n        stroke=\"#1A1313\"\r\n      \/>\r\n      <path d=\"M14.1429 6.377L0 6.37695\" stroke=\"#1A1313\" \/>\r\n    <\/svg>        <\/div>\r\n    <\/div>\r\n<\/a>                                    <a\r\n    href=\"https:\/\/www.balkankult.org\/sr\/zaboravljeni-heroji-prvog-svetskog-rata-otvaranje-izlozbe\/\"\r\n    class=\"flex lg:flex-row flex-col items-stretch gap-4 max-w-[742px] h-auto md:min-h-[375px]\">\r\n    <div class=\"w-full lg:max-w-[320px]\">\r\n                                                <img decoding=\"async\" class=\"rounded-[20px] w-full h-full md:h-[200px] lg:h-full max-h-[375px] object-cover\" src=\"https:\/\/img.youtube.com\/vi\/jjlkk4UV_pg\/hqdefault.jpg\" alt=\"\">\r\n                        <\/div>\r\n    <div class=\"flex flex-col w-full lg:max-w-[281px] h-full\">\r\n        <p class=\"mb-1.5 text-orange\/80\">12.04.2026<\/p>\r\n        <h3 class=\"mb-4 cabin-20-600\">Zaboravljeni heroji Prvog svetskog rata \u2013 otvaranje Izlo\u017ebe<\/h3>\r\n        <p class=\"mb-10 cabin-18-400\">Kakva je sudbina pre\u017eivelih, posebno udovica, siro\u010dadi i invalida posle Velikog rata? Da li su najplemenitiji ideali, koji su ih vodili kroz bitke ili hrabrili da izdr\u017ee teror okupatora, bili vrednovani i ugra\u0111eni u temelje novostvorene dr\u017eave.<\/p>\r\n        <div class=\"flex items-center gap-2.5 [&#038;_path]:stroke-orange mt-auto arrow-icon\">\r\n            <p class=\"cabin-18-400 text-orange\">See more<\/p>\r\n             <svg\r\n      width=\"15\"\r\n      height=\"13\"\r\n      viewBox=\"0 0 15 13\"\r\n      fill=\"none\"\r\n      xmlns=\"http:\/\/www.w3.org\/2000\/svg\"\r\n    >\r\n      <path\r\n        d=\"M8.5 0.0293579C8.61756 2.02787 9.98125 6.02489 14.4955 6.02489\"\r\n        stroke=\"#1A1313\"\r\n      \/>\r\n      <path\r\n        d=\"M8.5 12.3731C8.61756 10.3746 9.98125 6.37757 14.4955 6.37757\"\r\n        stroke=\"#1A1313\"\r\n      \/>\r\n      <path d=\"M14.1429 6.377L0 6.37695\" stroke=\"#1A1313\" \/>\r\n    <\/svg>        <\/div>\r\n    <\/div>\r\n<\/a>                                    <a\r\n    href=\"https:\/\/www.balkankult.org\/sr\/zaboravljeni-heroji-prvog-svetskog-rata-razgovor\/\"\r\n    class=\"flex lg:flex-row flex-col items-stretch gap-4 max-w-[742px] h-auto md:min-h-[375px]\">\r\n    <div class=\"w-full lg:max-w-[320px]\">\r\n                                                <img decoding=\"async\" class=\"rounded-[20px] w-full h-full md:h-[200px] lg:h-full max-h-[375px] object-cover\" src=\"https:\/\/img.youtube.com\/vi\/y5Hy8Ou1nQA\/hqdefault.jpg\" alt=\"\">\r\n                        <\/div>\r\n    <div class=\"flex flex-col w-full lg:max-w-[281px] h-full\">\r\n        <p class=\"mb-1.5 text-orange\/80\">12.04.2026<\/p>\r\n        <h3 class=\"mb-4 cabin-20-600\">Zaboravljeni heroji Prvog svetskog rata \u2013 Intervju<\/h3>\r\n        <p class=\"mb-10 cabin-18-400\">Razgovor povodom izlo\u017ebe i monografije Zaboravljeni heroji Prvog svetskog rata. Ko su bili heroji Velikog rata? Za mene je ceo srpski narod bio heroj, od vojnika i oficira koji su bili na frontu, lekara i bolni\u010darki, do \u017eena, devojaka, staraca i dece koji su ostali kod ku\u0107e i trpeli ne\u010duveni teror okupatora. Mnogi od njih [&hellip;]<\/p>\r\n        <div class=\"flex items-center gap-2.5 [&#038;_path]:stroke-orange mt-auto arrow-icon\">\r\n            <p class=\"cabin-18-400 text-orange\">See more<\/p>\r\n             <svg\r\n      width=\"15\"\r\n      height=\"13\"\r\n      viewBox=\"0 0 15 13\"\r\n      fill=\"none\"\r\n      xmlns=\"http:\/\/www.w3.org\/2000\/svg\"\r\n    >\r\n      <path\r\n        d=\"M8.5 0.0293579C8.61756 2.02787 9.98125 6.02489 14.4955 6.02489\"\r\n        stroke=\"#1A1313\"\r\n      \/>\r\n      <path\r\n        d=\"M8.5 12.3731C8.61756 10.3746 9.98125 6.37757 14.4955 6.37757\"\r\n        stroke=\"#1A1313\"\r\n      \/>\r\n      <path d=\"M14.1429 6.377L0 6.37695\" stroke=\"#1A1313\" \/>\r\n    <\/svg>        <\/div>\r\n    <\/div>\r\n<\/a>                            <\/div>\r\n                \r\n    <\/div>\r\n<\/section>\r\n","protected":false},"excerpt":{"rendered":"","protected":false},"author":1,"featured_media":0,"parent":0,"menu_order":0,"comment_status":"closed","ping_status":"closed","template":"","meta":{"_acf_changed":false,"footnotes":""},"class_list":["post-1022","page","type-page","status-publish","hentry"],"acf":[],"_links":{"self":[{"href":"https:\/\/www.balkankult.org\/sr\/wp-json\/wp\/v2\/pages\/1022","targetHints":{"allow":["GET"]}}],"collection":[{"href":"https:\/\/www.balkankult.org\/sr\/wp-json\/wp\/v2\/pages"}],"about":[{"href":"https:\/\/www.balkankult.org\/sr\/wp-json\/wp\/v2\/types\/page"}],"author":[{"embeddable":true,"href":"https:\/\/www.balkankult.org\/sr\/wp-json\/wp\/v2\/users\/1"}],"replies":[{"embeddable":true,"href":"https:\/\/www.balkankult.org\/sr\/wp-json\/wp\/v2\/comments?post=1022"}],"version-history":[{"count":7,"href":"https:\/\/www.balkankult.org\/sr\/wp-json\/wp\/v2\/pages\/1022\/revisions"}],"predecessor-version":[{"id":1533,"href":"https:\/\/www.balkankult.org\/sr\/wp-json\/wp\/v2\/pages\/1022\/revisions\/1533"}],"wp:attachment":[{"href":"https:\/\/www.balkankult.org\/sr\/wp-json\/wp\/v2\/media?parent=1022"}],"curies":[{"name":"wp","href":"https:\/\/api.w.org\/{rel}","templated":true}]}}